{"id":38,"date":"2016-10-07T13:27:52","date_gmt":"2016-10-07T11:27:52","guid":{"rendered":"http:\/\/waxa.pl\/?page_id=38"},"modified":"2021-11-11T18:46:05","modified_gmt":"2021-11-11T17:46:05","slug":"firma","status":"publish","type":"page","link":"https:\/\/waxa.pl\/index.php\/firma\/","title":{"rendered":"Firma"},"content":{"rendered":"<p>[et_pb_section admin_label=&#8221;Sekcja&#8221; fullwidth=&#8221;on&#8221; specialty=&#8221;off&#8221;][et_pb_fullwidth_header admin_label=&#8221;Nag\u0142\u00f3wek pe\u0142nej szeroko\u015bci&#8221; background_layout=&#8221;light&#8221; text_orientation=&#8221;left&#8221; header_fullscreen=&#8221;off&#8221; header_scroll_down=&#8221;off&#8221; background_url=&#8221;http:\/\/waxa.pl\/wp-content\/uploads\/2016\/10\/single-family-home-1026368_960_720.jpg&#8221; parallax=&#8221;off&#8221; parallax_method=&#8221;off&#8221; content_orientation=&#8221;center&#8221; image_orientation=&#8221;center&#8221; custom_button_one=&#8221;off&#8221; button_one_letter_spacing=&#8221;0&#8243; button_one_use_icon=&#8221;default&#8221; button_one_icon_placement=&#8221;right&#8221; button_one_on_hover=&#8221;on&#8221; button_one_letter_spacing_hover=&#8221;0&#8243; custom_button_two=&#8221;off&#8221; button_two_letter_spacing=&#8221;0&#8243; button_two_use_icon=&#8221;default&#8221; button_two_icon_placement=&#8221;right&#8221; button_two_on_hover=&#8221;on&#8221; button_two_letter_spacing_hover=&#8221;0&#8243; custom_css_main_element=&#8221;height: 200px;&#8221;] [\/et_pb_fullwidth_header][\/et_pb_section][et_pb_section admin_label=&#8221;section&#8221;][et_pb_row admin_label=&#8221;row&#8221;][et_pb_column type=&#8221;1_2&#8243;][et_pb_text admin_label=&#8221;Tekst&#8221; background_layout=&#8221;light&#8221; text_orientation=&#8221;left&#8221; use_border_color=&#8221;off&#8221; border_color=&#8221;#ffffff&#8221; border_style=&#8221;solid&#8221;]<\/p>\n<h1 class=\"title\" style=\"text-align: center;\"><span style=\"font-size: 24pt;\">O naszej firmie<\/span><\/h1>\n<p>[spacer height=&#8221;20px&#8221;]<\/p>\n<div class=\"content\">\n<p class=\"firma\" style=\"text-align: justify;\"><span style=\"font-size: 12pt;\">Firma <strong>WAXA<\/strong> powsta\u0142a w 1996 roku i jest \u0142\u00f3dzkim deweloperem.<\/span><\/p>\n<p class=\"firma\" style=\"text-align: justify;\"><span style=\"font-size: 12pt;\">W chwili obecnej nasz\u0105 g\u0142\u00f3wn\u0105 dzia\u0142alno\u015bci\u0105 jest budowa i\u00a0sprzeda\u017c mieszka\u0144 w budynkach wielorodzinnych na terenie \u0141odzi. Dzia\u0142ki, na kt\u00f3rych powstaj\u0105 inwestycje, s\u0105 zawsze nasz\u0105 w\u0142asno\u015bci\u0105 i posiadaj\u0105 \u201eczyst\u0105\u201d hipotek\u0119.<\/span><\/p>\n<p class=\"firma\" style=\"text-align: justify;\"><span style=\"font-size: 12pt;\">Budujemy wed\u0142ug najnowszych tendencji projektowych i\u00a0materia\u0142owych, zgodnie z wymogami technicznymi oraz sztuk\u0105 budowlan\u0105. Zajmujemy si\u0119 wszystkimi etapami realizowania inwestycji. Prace budowlane i monta\u017cowe wykonujemy si\u0142ami w\u0142asnymi lub opieramy si\u0119 na sprawdzonych podwykonawcach. Wykorzystujemy tylko atestowane materia\u0142y budowlane renomowanych producent\u00f3w krajowych i zagranicznych.<\/span><\/p>\n<p class=\"firma\" style=\"text-align: justify;\"><span style=\"font-size: 12pt;\">Wszystkich zainteresowanych zapraszamy do nawi\u0105zania bezpo\u015bredniego kontaktu \u2013 przedstawimy pe\u0142n\u0105 ofert\u0119, odpowiadaj\u0105c na wszelkie pytania i w\u0105tpliwo\u015bci.<\/span><\/p>\n<\/div>\n<p>[\/et_pb_text][\/et_pb_column][et_pb_column type=&#8221;1_2&#8243;][et_pb_image admin_label=&#8221;Obraz&#8221; src=&#8221;http:\/\/waxa.pl\/wp-content\/uploads\/2016\/10\/obrazek-firma.jpg&#8221; show_in_lightbox=&#8221;off&#8221; url_new_window=&#8221;off&#8221; use_overlay=&#8221;off&#8221; animation=&#8221;left&#8221; sticky=&#8221;off&#8221; align=&#8221;center&#8221; force_fullwidth=&#8221;off&#8221; always_center_on_mobile=&#8221;on&#8221; use_border_color=&#8221;off&#8221; border_color=&#8221;#ffffff&#8221; border_style=&#8221;solid&#8221;] [\/et_pb_image][\/et_pb_column][\/et_pb_row][\/et_pb_section]<\/p>\n","protected":false},"excerpt":{"rendered":"<p>[et_pb_section admin_label=&#8221;Sekcja&#8221; fullwidth=&#8221;on&#8221; specialty=&#8221;off&#8221;][et_pb_fullwidth_header admin_label=&#8221;Nag\u0142\u00f3wek pe\u0142nej szeroko\u015bci&#8221; background_layout=&#8221;light&#8221; text_orientation=&#8221;left&#8221; header_fullscreen=&#8221;off&#8221; header_scroll_down=&#8221;off&#8221; background_url=&#8221;http:\/\/waxa.pl\/wp-content\/uploads\/2016\/10\/single-family-home-1026368_960_720.jpg&#8221; parallax=&#8221;off&#8221; parallax_method=&#8221;off&#8221; content_orientation=&#8221;center&#8221; image_orientation=&#8221;center&#8221; custom_button_one=&#8221;off&#8221; button_one_letter_spacing=&#8221;0&#8243; button_one_use_icon=&#8221;default&#8221; button_one_icon_placement=&#8221;right&#8221; button_one_on_hover=&#8221;on&#8221; button_one_letter_spacing_hover=&#8221;0&#8243; custom_button_two=&#8221;off&#8221; button_two_letter_spacing=&#8221;0&#8243; button_two_use_icon=&#8221;default&#8221; button_two_icon_placement=&#8221;right&#8221; button_two_on_hover=&#8221;on&#8221; button_two_letter_spacing_hover=&#8221;0&#8243; custom_css_main_element=&#8221;height: 200px;&#8221;] [\/et_pb_fullwidth_header][\/et_pb_section][et_pb_section admin_label=&#8221;section&#8221;][et_pb_row admin_label=&#8221;row&#8221;][et_pb_column type=&#8221;1_2&#8243;][et_pb_text admin_label=&#8221;Tekst&#8221; background_layout=&#8221;light&#8221; text_orientation=&#8221;left&#8221; use_border_color=&#8221;off&#8221; border_color=&#8221;#ffffff&#8221; border_style=&#8221;solid&#8221;] O naszej firmie [spacer height=&#8221;20px&#8221;] Firma WAXA powsta\u0142a w 1996 roku i jest \u0142\u00f3dzkim deweloperem. [&hellip;]<\/p>\n","protected":false},"author":1,"featured_media":0,"parent":0,"menu_order":0,"comment_status":"closed","ping_status":"closed","template":"","meta":[],"_links":{"self":[{"href":"https:\/\/waxa.pl\/index.php\/wp-json\/wp\/v2\/pages\/38"}],"collection":[{"href":"https:\/\/waxa.pl\/index.php\/wp-json\/wp\/v2\/pages"}],"about":[{"href":"https:\/\/waxa.pl\/index.php\/wp-json\/wp\/v2\/types\/page"}],"author":[{"embeddable":true,"href":"https:\/\/waxa.pl\/index.php\/wp-json\/wp\/v2\/users\/1"}],"replies":[{"embeddable":true,"href":"https:\/\/waxa.pl\/index.php\/wp-json\/wp\/v2\/comments?post=38"}],"version-history":[{"count":9,"href":"https:\/\/waxa.pl\/index.php\/wp-json\/wp\/v2\/pages\/38\/revisions"}],"predecessor-version":[{"id":132,"href":"https:\/\/waxa.pl\/index.php\/wp-json\/wp\/v2\/pages\/38\/revisions\/132"}],"wp:attachment":[{"href":"https:\/\/waxa.pl\/index.php\/wp-json\/wp\/v2\/media?parent=38"}],"curies":[{"name":"wp","href":"https:\/\/api.w.org\/{rel}","templated":true}]}}