{"id":40,"date":"2016-10-07T13:28:05","date_gmt":"2016-10-07T11:28:05","guid":{"rendered":"http:\/\/waxa.pl\/?page_id=40"},"modified":"2021-10-09T13:03:50","modified_gmt":"2021-10-09T11:03:50","slug":"inwestycje","status":"publish","type":"page","link":"http:\/\/waxa.pl\/index.php\/inwestycje\/","title":{"rendered":"Inwestycje"},"content":{"rendered":"<p>[et_pb_section admin_label=&#8221;Sekcja&#8221; fullwidth=&#8221;on&#8221; specialty=&#8221;off&#8221;][et_pb_fullwidth_header admin_label=&#8221;Nag\u0142\u00f3wek pe\u0142nej szeroko\u015bci&#8221; background_layout=&#8221;light&#8221; text_orientation=&#8221;left&#8221; header_fullscreen=&#8221;off&#8221; header_scroll_down=&#8221;off&#8221; background_url=&#8221;http:\/\/waxa.pl\/wp-content\/uploads\/2016\/10\/single-family-home-1026368_960_720.jpg&#8221; parallax=&#8221;off&#8221; parallax_method=&#8221;off&#8221; content_orientation=&#8221;center&#8221; image_orientation=&#8221;center&#8221; custom_button_one=&#8221;off&#8221; button_one_letter_spacing=&#8221;0&#8243; button_one_use_icon=&#8221;default&#8221; button_one_icon_placement=&#8221;right&#8221; button_one_on_hover=&#8221;on&#8221; button_one_letter_spacing_hover=&#8221;0&#8243; custom_button_two=&#8221;off&#8221; button_two_letter_spacing=&#8221;0&#8243; button_two_use_icon=&#8221;default&#8221; button_two_icon_placement=&#8221;right&#8221; button_two_on_hover=&#8221;on&#8221; button_two_letter_spacing_hover=&#8221;0&#8243; custom_css_main_element=&#8221;height: 200px;&#8221;] [\/et_pb_fullwidth_header][\/et_pb_section][et_pb_section admin_label=&#8221;section&#8221;][et_pb_row admin_label=&#8221;row&#8221;][et_pb_column type=&#8221;1_2&#8243;][et_pb_text admin_label=&#8221;Tekst&#8221; background_layout=&#8221;light&#8221; text_orientation=&#8221;left&#8221; use_border_color=&#8221;off&#8221; border_color=&#8221;#ffffff&#8221; border_style=&#8221;solid&#8221;]<\/p>\n<div class=\"item\">\n<h1 class=\"title\"><a title=\"\u0141\u00f3d\u017a, Any\u017cowa 26\/28\" href=\"http:\/\/waxa.pl\/inwestycje\/lodz-anyzowa-26-28\/inwestycja\">\u0141\u00f3d\u017a, Any\u017cowa 26\/28<\/a><\/h1>\n<div class=\"content\">\n<p><strong><span class=\"sprzedane\">INWESTYCJA ZAKO\u0143CZONA<\/span><br \/>\n<\/strong><\/p>\n<p>WSZYSTKIE MIESZKANIA SPRZEDANE<\/p>\n<\/div>\n<\/div>\n<div class=\"item\"><\/div>\n<p>[\/et_pb_text][et_pb_toggle admin_label=&#8221;Zak\u0142adka rozwijana&#8221; title=&#8221;INWESTYCJA&#8221; open=&#8221;off&#8221; use_border_color=&#8221;off&#8221; border_color=&#8221;#ffffff&#8221; border_style=&#8221;solid&#8221;]<\/p>\n<h1 class=\"title\">Informacje o inwestycji<\/h1>\n<div class=\"item \">\n<div class=\"content\">\n<p><strong><span class=\"sprzedane\">INWESTYCJA ZAKO\u0143CZONA<\/span><br \/>\n<\/strong><\/p>\n<\/div>\n<\/div>\n<div class=\"item\">\n<h1 class=\"title\"><a title=\"\u0141\u00f3d\u017a, Mokra 6\" href=\"http:\/\/waxa.pl\/inwestycje\/lodz-mokra-6\/mokra-inwestycja\">\u0141\u00f3d\u017a, Mokra 6<\/a><\/h1>\n<div class=\"content\">\n<p><strong><span class=\"sprzedane\">INWESTYCJA ZAKO\u0143CZONA<\/span><br \/>\n<\/strong><\/p>\n<p><strong class=\"sprzedane\">WSZYSTKIE MIESZKANIA SPRZEDANE !<\/strong><\/p>\n<\/div>\n<\/div>\n<p>[\/et_pb_text][et_pb_toggle admin_label=&#8221;Zak\u0142adka rozwijana&#8221; title=&#8221;INWESTYCJA&#8221; open=&#8221;off&#8221; use_border_color=&#8221;off&#8221; border_color=&#8221;#ffffff&#8221; border_style=&#8221;solid&#8221;]<\/p>\n<h1 class=\"title\">Informacje o inwestycji<\/h1>\n<div class=\"item \">\n<div class=\"content\">\n<p><strong><span class=\"sprzedane\">INWESTYCJA ZAKO\u0143CZONA\u00a0<\/span><br \/>\n<\/strong><\/p>\n<p>WSZYSTKIE MIESZKANIA SPRZEDANE<\/p>\n<\/div>\n<\/div>\n","protected":false},"excerpt":{"rendered":"<p>[et_pb_section admin_label=&#8221;Sekcja&#8221; fullwidth=&#8221;on&#8221; specialty=&#8221;off&#8221;][et_pb_fullwidth_header admin_label=&#8221;Nag\u0142\u00f3wek pe\u0142nej szeroko\u015bci&#8221; background_layout=&#8221;light&#8221; text_orientation=&#8221;left&#8221; header_fullscreen=&#8221;off&#8221; header_scroll_down=&#8221;off&#8221; background_url=&#8221;http:\/\/waxa.pl\/wp-content\/uploads\/2016\/10\/single-family-home-1026368_960_720.jpg&#8221; parallax=&#8221;off&#8221; parallax_method=&#8221;off&#8221; content_orientation=&#8221;center&#8221; image_orientation=&#8221;center&#8221; custom_button_one=&#8221;off&#8221; button_one_letter_spacing=&#8221;0&#8243; button_one_use_icon=&#8221;default&#8221; button_one_icon_placement=&#8221;right&#8221; button_one_on_hover=&#8221;on&#8221; button_one_letter_spacing_hover=&#8221;0&#8243; custom_button_two=&#8221;off&#8221; button_two_letter_spacing=&#8221;0&#8243; button_two_use_icon=&#8221;default&#8221; button_two_icon_placement=&#8221;right&#8221; button_two_on_hover=&#8221;on&#8221; button_two_letter_spacing_hover=&#8221;0&#8243; custom_css_main_element=&#8221;height: 200px;&#8221;] [\/et_pb_fullwidth_header][\/et_pb_section][et_pb_section admin_label=&#8221;section&#8221;][et_pb_row admin_label=&#8221;row&#8221;][et_pb_column type=&#8221;1_2&#8243;][et_pb_text admin_label=&#8221;Tekst&#8221; background_layout=&#8221;light&#8221; text_orientation=&#8221;left&#8221; use_border_color=&#8221;off&#8221; border_color=&#8221;#ffffff&#8221; border_style=&#8221;solid&#8221;] \u0141\u00f3d\u017a, Any\u017cowa 26\/28 INWESTYCJA ZAKO\u0143CZONA WSZYSTKIE MIESZKANIA SPRZEDANE [\/et_pb_text][et_pb_toggle admin_label=&#8221;Zak\u0142adka rozwijana&#8221; title=&#8221;INWESTYCJA&#8221; open=&#8221;off&#8221; use_border_color=&#8221;off&#8221; border_color=&#8221;#ffffff&#8221; [&hellip;]<\/p>\n","protected":false},"author":1,"featured_media":0,"parent":0,"menu_order":0,"comment_status":"closed","ping_status":"closed","template":"","meta":[],"_links":{"self":[{"href":"http:\/\/waxa.pl\/index.php\/wp-json\/wp\/v2\/pages\/40"}],"collection":[{"href":"http:\/\/waxa.pl\/index.php\/wp-json\/wp\/v2\/pages"}],"about":[{"href":"http:\/\/waxa.pl\/index.php\/wp-json\/wp\/v2\/types\/page"}],"author":[{"embeddable":true,"href":"http:\/\/waxa.pl\/index.php\/wp-json\/wp\/v2\/users\/1"}],"replies":[{"embeddable":true,"href":"http:\/\/waxa.pl\/index.php\/wp-json\/wp\/v2\/comments?post=40"}],"version-history":[{"count":10,"href":"http:\/\/waxa.pl\/index.php\/wp-json\/wp\/v2\/pages\/40\/revisions"}],"predecessor-version":[{"id":127,"href":"http:\/\/waxa.pl\/index.php\/wp-json\/wp\/v2\/pages\/40\/revisions\/127"}],"wp:attachment":[{"href":"http:\/\/waxa.pl\/index.php\/wp-json\/wp\/v2\/media?parent=40"}],"curies":[{"name":"wp","href":"https:\/\/api.w.org\/{rel}","templated":true}]}}